{"id":533,"date":"2025-12-03T21:24:42","date_gmt":"2025-12-03T21:24:42","guid":{"rendered":"https:\/\/somosmosca.com.ar\/?post_type=product&#038;p=533"},"modified":"2026-03-05T15:02:07","modified_gmt":"2026-03-05T15:02:07","slug":"blue-ribbon-6","status":"publish","type":"product","link":"https:\/\/somosmosca.com.ar\/index.php\/producto\/blue-ribbon-6\/","title":{"rendered":"BLUE RIBBON"},"content":{"rendered":"<p><span data-sheets-root=\"1\">En estas situaciones, el pescador exitoso es aquel cuya mosca permanece m\u00e1s tiempo en el agua. Por esta raz\u00f3n, la serie Blue Ribbon est\u00e1 dise\u00f1ada para cargar f\u00e1cilmente la ca\u00f1a, lo que permite al pescador realizar lances r\u00e1pidos y precisos con muy poco esfuerzo. As\u00ed, ya sean indicadores de pique, aparejos con m\u00faltiples moscas desde una embarcaci\u00f3n a la deriva o patrones de peces carnada en la orilla todo el d\u00eda, la serie Blue Ribbon est\u00e1 dise\u00f1ada para realizar lances tras lance con facilidad.<br \/>\nLa serie Blue Ribbon est\u00e1 fabricada con fibra de carbono de m\u00f3dulo intermedio y tiene un acabado marr\u00f3n casta\u00f1o con empu\u00f1aduras de corcho de primera calidad. Los portacarretes ligeros de aluminio cepillado macizo con bloqueo ascendente incluyen un guarda-anzuelos integrado e insertos de fibra de carbono. La serie de 11 ca\u00f1as incorpora pasahilos de SiC y anillas ultraligeras de acero inoxidable impregnadas en cromo. Todos los modelos incorporan el sistema de identificaci\u00f3n de peso de l\u00ednea de TFO en el mango y puntos de alineaci\u00f3n con c\u00f3digo de color seg\u00fan el peso de la l\u00ednea. Las ca\u00f1as Blue Ribbon se entregan en una funda y un tubo TFO etiquetados.<br \/>\nLa serie Blue Ribbon se centra en un lance eficiente cuando mantener la mosca en el agua es clave. Y al combinarse con la garant\u00eda de por vida de TFO contra defectos, estas ca\u00f1as son la opci\u00f3n perfecta para cubrir grandes extensiones de agua en busca de tus especies de agua dulce favoritas.<\/p>\n<p>\u2022 Acci\u00f3n:Moderado-R\u00e1pido<br \/>\n\u2022 Longitud de la serie Blue Ribbon : desde 7&#8217;6&#8243; &#8211; 10&#8217;0&#8243;<br \/>\n\u2022 Peso: desde 2,4 &#8211; 3,8 onzas de peso seg\u00fan el n\u00famero de linea<br \/>\n<\/span><\/p>\n","protected":false},"excerpt":{"rendered":"<p>En estas situaciones, el pescador exitoso es aquel cuya mosca permanece m\u00e1s tiempo en el agua. Por esta raz\u00f3n, la serie Blue Ribbon est\u00e1 dise\u00f1ada para cargar f\u00e1cilmente la ca\u00f1a, lo que permite al pescador realizar lances r\u00e1pidos y precisos con muy poco esfuerzo. As\u00ed, ya sean indicadores de pique, aparejos con m\u00faltiples moscas desde [&hellip;]<\/p>\n","protected":false},"featured_media":518,"comment_status":"open","ping_status":"closed","template":"","meta":{"_acf_changed":false,"_joinchat":[]},"marca":[37],"product_brand":[],"product_cat":[43,32],"product_tag":[],"class_list":{"0":"post-533","1":"product","2":"type-product","3":"status-publish","4":"has-post-thumbnail","6":"marca-tfo","7":"product_cat-canas-y-combos","8":"product_cat-fly-fishing","10":"first","11":"instock","12":"shipping-taxable","13":"purchasable","14":"product-type-variable"},"acf":[],"_links":{"self":[{"href":"https:\/\/somosmosca.com.ar\/index.php\/wp-json\/wp\/v2\/product\/533","targetHints":{"allow":["GET"]}}],"collection":[{"href":"https:\/\/somosmosca.com.ar\/index.php\/wp-json\/wp\/v2\/product"}],"about":[{"href":"https:\/\/somosmosca.com.ar\/index.php\/wp-json\/wp\/v2\/types\/product"}],"replies":[{"embeddable":true,"href":"https:\/\/somosmosca.com.ar\/index.php\/wp-json\/wp\/v2\/comments?post=533"}],"wp:featuredmedia":[{"embeddable":true,"href":"https:\/\/somosmosca.com.ar\/index.php\/wp-json\/wp\/v2\/media\/518"}],"wp:attachment":[{"href":"https:\/\/somosmosca.com.ar\/index.php\/wp-json\/wp\/v2\/media?parent=533"}],"wp:term":[{"taxonomy":"marca","embeddable":true,"href":"https:\/\/somosmosca.com.ar\/index.php\/wp-json\/wp\/v2\/marca?post=533"},{"taxonomy":"product_brand","embeddable":true,"href":"https:\/\/somosmosca.com.ar\/index.php\/wp-json\/wp\/v2\/product_brand?post=533"},{"taxonomy":"product_cat","embeddable":true,"href":"https:\/\/somosmosca.com.ar\/index.php\/wp-json\/wp\/v2\/product_cat?post=533"},{"taxonomy":"product_tag","embeddable":true,"href":"https:\/\/somosmosca.com.ar\/index.php\/wp-json\/wp\/v2\/product_tag?post=533"}],"curies":[{"name":"wp","href":"https:\/\/api.w.org\/{rel}","templated":true}]}}