{"id":2246,"date":"2026-04-29T14:40:18","date_gmt":"2026-04-29T14:40:18","guid":{"rendered":"https:\/\/somosmosca.com.ar\/?post_type=product&#038;p=2246"},"modified":"2026-04-29T14:40:18","modified_gmt":"2026-04-29T14:40:18","slug":"anzuelo-mustad-signature-co68np-br","status":"publish","type":"product","link":"https:\/\/somosmosca.com.ar\/index.php\/producto\/anzuelo-mustad-signature-co68np-br\/","title":{"rendered":"ANZUELO MUSTAD SIGNATURE CO68NP-BR"},"content":{"rendered":"<div class=\"woocommerce-product-details__short-description\">\n<div>\n<div>\n<p>La gran empresa que define anzuelos desde 1877. Serie Signature de mosca, fabricados en Noruega bajo los m\u00e1ximos standards de calidad.<\/p>\n<ul>\n<li><strong>Ojo:<\/strong>\u00a045 grados hacia abajo.<\/li>\n<li><strong>Punta:<\/strong>\u00a0afilado qu\u00edmico.<\/li>\n<li><strong>Alambre:<\/strong>\u00a02 X strong.<\/li>\n<li><strong>Largo de pata:\u00a0<\/strong>curva 2X short.<\/li>\n<li><strong>Terminaci\u00f3n:<\/strong>\u00a0tradicional bronce de agua dulce.<\/li>\n<li><strong>Revirado:<\/strong>\u00a0si.<\/li>\n<li><strong>Forjado:<\/strong>\u00a0no.<\/li>\n<li><strong>Aplicaci\u00f3n:<\/strong>\u00a0anzuelo para el atado de huevos, ninfas cortas de cuerpo curvo, como pupas de caddis, , scuds, y ninfas checas. Similar al c49, pero como es m\u00e1s reforzado no se abre con peces pesados, a\u00fan en n\u00fameros peque\u00f1os. Ello lo hace ideal para sea trout o las enormes arco iris del lago Strobel.<\/li>\n<\/ul>\n<\/div>\n<\/div>\n<\/div>\n<div class=\"clear\"><\/div>\n<div class=\"single-product-other-action border\"><\/div>\n","protected":false},"excerpt":{"rendered":"<p>La gran empresa que define anzuelos desde 1877. Serie Signature de mosca, fabricados en Noruega bajo los m\u00e1ximos standards de calidad. Ojo:\u00a045 grados hacia abajo. Punta:\u00a0afilado qu\u00edmico. Alambre:\u00a02 X strong. Largo de pata:\u00a0curva 2X short. Terminaci\u00f3n:\u00a0tradicional bronce de agua dulce. Revirado:\u00a0si. Forjado:\u00a0no. Aplicaci\u00f3n:\u00a0anzuelo para el atado de huevos, ninfas cortas de cuerpo curvo, como pupas [&hellip;]<\/p>\n","protected":false},"featured_media":2250,"comment_status":"open","ping_status":"closed","template":"","meta":{"_acf_changed":false,"_joinchat":[]},"marca":[24],"product_brand":[235],"product_cat":[234,32],"product_tag":[236,237],"class_list":{"0":"post-2246","1":"product","2":"type-product","3":"status-publish","4":"has-post-thumbnail","6":"marca-mustad","7":"product_brand-mustad","8":"product_cat-anzuelos","9":"product_cat-fly-fishing","10":"product_tag-anzuelo","11":"product_tag-mustad","12":"product_shipping_class-medianos","14":"first","15":"instock","16":"shipping-taxable","17":"purchasable","18":"product-type-variable"},"acf":[],"_links":{"self":[{"href":"https:\/\/somosmosca.com.ar\/index.php\/wp-json\/wp\/v2\/product\/2246","targetHints":{"allow":["GET"]}}],"collection":[{"href":"https:\/\/somosmosca.com.ar\/index.php\/wp-json\/wp\/v2\/product"}],"about":[{"href":"https:\/\/somosmosca.com.ar\/index.php\/wp-json\/wp\/v2\/types\/product"}],"replies":[{"embeddable":true,"href":"https:\/\/somosmosca.com.ar\/index.php\/wp-json\/wp\/v2\/comments?post=2246"}],"wp:featuredmedia":[{"embeddable":true,"href":"https:\/\/somosmosca.com.ar\/index.php\/wp-json\/wp\/v2\/media\/2250"}],"wp:attachment":[{"href":"https:\/\/somosmosca.com.ar\/index.php\/wp-json\/wp\/v2\/media?parent=2246"}],"wp:term":[{"taxonomy":"marca","embeddable":true,"href":"https:\/\/somosmosca.com.ar\/index.php\/wp-json\/wp\/v2\/marca?post=2246"},{"taxonomy":"product_brand","embeddable":true,"href":"https:\/\/somosmosca.com.ar\/index.php\/wp-json\/wp\/v2\/product_brand?post=2246"},{"taxonomy":"product_cat","embeddable":true,"href":"https:\/\/somosmosca.com.ar\/index.php\/wp-json\/wp\/v2\/product_cat?post=2246"},{"taxonomy":"product_tag","embeddable":true,"href":"https:\/\/somosmosca.com.ar\/index.php\/wp-json\/wp\/v2\/product_tag?post=2246"}],"curies":[{"name":"wp","href":"https:\/\/api.w.org\/{rel}","templated":true}]}}