{"id":2231,"date":"2026-04-23T19:43:40","date_gmt":"2026-04-23T19:43:40","guid":{"rendered":"https:\/\/somosmosca.com.ar\/?post_type=product&#038;p=2231"},"modified":"2026-04-23T19:45:43","modified_gmt":"2026-04-23T19:45:43","slug":"anzuelo-mustad-signature-3399a","status":"publish","type":"product","link":"https:\/\/somosmosca.com.ar\/index.php\/producto\/anzuelo-mustad-signature-3399a\/","title":{"rendered":"ANZUELO MUSTAD SIGNATURE 3399A #16"},"content":{"rendered":"<p>Un cl\u00e1sico de Mustad, el anzuelo Sproat Hook cuenta con una punta cl\u00e1sica tipo aguja de alta calidad, fabricada con artesan\u00eda noruega desarrollada a lo largo del tiempo desde 1877. La punta cl\u00e1sica MTL-V1 combina un dise\u00f1o de punta eficiente con un proceso especial de afilado para mejorar la calidad. El resultado es una forma de punta estilizada con una resistencia a la penetraci\u00f3n un 50% menor que la de otras puntas cl\u00e1sicas tipo aguja.<\/p>\n","protected":false},"excerpt":{"rendered":"<p>Un cl\u00e1sico de Mustad, el anzuelo Sproat Hook cuenta con una punta cl\u00e1sica tipo aguja de alta calidad, fabricada con artesan\u00eda noruega desarrollada a lo largo del tiempo desde 1877. La punta cl\u00e1sica MTL-V1 combina un dise\u00f1o de punta eficiente con un proceso especial de afilado para mejorar la calidad. El resultado es una forma [&hellip;]<\/p>\n","protected":false},"featured_media":2232,"comment_status":"open","ping_status":"closed","template":"","meta":{"_acf_changed":false,"_joinchat":[]},"marca":[24],"product_brand":[235],"product_cat":[234,32],"product_tag":[236,237],"class_list":{"0":"post-2231","1":"product","2":"type-product","3":"status-publish","4":"has-post-thumbnail","6":"marca-mustad","7":"product_brand-mustad","8":"product_cat-anzuelos","9":"product_cat-fly-fishing","10":"product_tag-anzuelo","11":"product_tag-mustad","12":"product_shipping_class-medianos","14":"first","15":"instock","16":"shipping-taxable","17":"purchasable","18":"product-type-simple"},"acf":[],"_links":{"self":[{"href":"https:\/\/somosmosca.com.ar\/index.php\/wp-json\/wp\/v2\/product\/2231","targetHints":{"allow":["GET"]}}],"collection":[{"href":"https:\/\/somosmosca.com.ar\/index.php\/wp-json\/wp\/v2\/product"}],"about":[{"href":"https:\/\/somosmosca.com.ar\/index.php\/wp-json\/wp\/v2\/types\/product"}],"replies":[{"embeddable":true,"href":"https:\/\/somosmosca.com.ar\/index.php\/wp-json\/wp\/v2\/comments?post=2231"}],"wp:featuredmedia":[{"embeddable":true,"href":"https:\/\/somosmosca.com.ar\/index.php\/wp-json\/wp\/v2\/media\/2232"}],"wp:attachment":[{"href":"https:\/\/somosmosca.com.ar\/index.php\/wp-json\/wp\/v2\/media?parent=2231"}],"wp:term":[{"taxonomy":"marca","embeddable":true,"href":"https:\/\/somosmosca.com.ar\/index.php\/wp-json\/wp\/v2\/marca?post=2231"},{"taxonomy":"product_brand","embeddable":true,"href":"https:\/\/somosmosca.com.ar\/index.php\/wp-json\/wp\/v2\/product_brand?post=2231"},{"taxonomy":"product_cat","embeddable":true,"href":"https:\/\/somosmosca.com.ar\/index.php\/wp-json\/wp\/v2\/product_cat?post=2231"},{"taxonomy":"product_tag","embeddable":true,"href":"https:\/\/somosmosca.com.ar\/index.php\/wp-json\/wp\/v2\/product_tag?post=2231"}],"curies":[{"name":"wp","href":"https:\/\/api.w.org\/{rel}","templated":true}]}}