{"id":2214,"date":"2026-04-23T19:01:29","date_gmt":"2026-04-23T19:01:29","guid":{"rendered":"https:\/\/somosmosca.com.ar\/?post_type=product&#038;p=2214"},"modified":"2026-04-29T20:21:23","modified_gmt":"2026-04-29T20:21:23","slug":"anzuelo-mustad-heritage-c61sap-tx","status":"publish","type":"product","link":"https:\/\/somosmosca.com.ar\/index.php\/producto\/anzuelo-mustad-heritage-c61sap-tx\/","title":{"rendered":"ANZUELO MUSTAD HERITAGE C61SAP-TX x 25u"},"content":{"rendered":"<p>La nueva gama de anzuelos Heritage Fly de Mustad incluye este anzuelo de agua dulce con ojal recto y tecnolog\u00eda AlphaPoint\u00ae pegajosa de tibur\u00f3n. Dise\u00f1ado para el estilo moderno de moscas de arroyo. Una excelente opci\u00f3n tanto para imitaciones de peque\u00f1os cebo como para patrones de alas de pelo m\u00e1s largas y libres. Equipado con el nuevo acabado mate gun metal TitanX para reducir el reflejo y aumentar la sigilo.<\/p>\n","protected":false},"excerpt":{"rendered":"<p>La nueva gama de anzuelos Heritage Fly de Mustad incluye este anzuelo de agua dulce con ojal recto y tecnolog\u00eda AlphaPoint\u00ae pegajosa de tibur\u00f3n. Dise\u00f1ado para el estilo moderno de moscas de arroyo. Una excelente opci\u00f3n tanto para imitaciones de peque\u00f1os cebo como para patrones de alas de pelo m\u00e1s largas y libres. Equipado con [&hellip;]<\/p>\n","protected":false},"featured_media":2216,"comment_status":"open","ping_status":"closed","template":"","meta":{"_acf_changed":false,"_joinchat":[]},"marca":[24],"product_brand":[235],"product_cat":[234,32],"product_tag":[236,237],"class_list":{"0":"post-2214","1":"product","2":"type-product","3":"status-publish","4":"has-post-thumbnail","6":"marca-mustad","7":"product_brand-mustad","8":"product_cat-anzuelos","9":"product_cat-fly-fishing","10":"product_tag-anzuelo","11":"product_tag-mustad","12":"product_shipping_class-medianos","14":"first","15":"instock","16":"shipping-taxable","17":"purchasable","18":"product-type-variable"},"acf":[],"_links":{"self":[{"href":"https:\/\/somosmosca.com.ar\/index.php\/wp-json\/wp\/v2\/product\/2214","targetHints":{"allow":["GET"]}}],"collection":[{"href":"https:\/\/somosmosca.com.ar\/index.php\/wp-json\/wp\/v2\/product"}],"about":[{"href":"https:\/\/somosmosca.com.ar\/index.php\/wp-json\/wp\/v2\/types\/product"}],"replies":[{"embeddable":true,"href":"https:\/\/somosmosca.com.ar\/index.php\/wp-json\/wp\/v2\/comments?post=2214"}],"wp:featuredmedia":[{"embeddable":true,"href":"https:\/\/somosmosca.com.ar\/index.php\/wp-json\/wp\/v2\/media\/2216"}],"wp:attachment":[{"href":"https:\/\/somosmosca.com.ar\/index.php\/wp-json\/wp\/v2\/media?parent=2214"}],"wp:term":[{"taxonomy":"marca","embeddable":true,"href":"https:\/\/somosmosca.com.ar\/index.php\/wp-json\/wp\/v2\/marca?post=2214"},{"taxonomy":"product_brand","embeddable":true,"href":"https:\/\/somosmosca.com.ar\/index.php\/wp-json\/wp\/v2\/product_brand?post=2214"},{"taxonomy":"product_cat","embeddable":true,"href":"https:\/\/somosmosca.com.ar\/index.php\/wp-json\/wp\/v2\/product_cat?post=2214"},{"taxonomy":"product_tag","embeddable":true,"href":"https:\/\/somosmosca.com.ar\/index.php\/wp-json\/wp\/v2\/product_tag?post=2214"}],"curies":[{"name":"wp","href":"https:\/\/api.w.org\/{rel}","templated":true}]}}