{"id":2181,"date":"2026-04-23T14:41:47","date_gmt":"2026-04-23T14:41:47","guid":{"rendered":"https:\/\/somosmosca.com.ar\/?post_type=product&#038;p=2181"},"modified":"2026-05-04T19:29:28","modified_gmt":"2026-05-04T19:29:28","slug":"anzuelo-mustad-heritage-r74ap-tx","status":"publish","type":"product","link":"https:\/\/somosmosca.com.ar\/index.php\/producto\/anzuelo-mustad-heritage-r74ap-tx\/","title":{"rendered":"ANZUELO MUSTAD HERITAGE R74AP-TX x 50u"},"content":{"rendered":"<ul>\n<li>El anzuelo<strong>\u00a0Mustad Heritage R74AP-TX<\/strong>\u00a0es ideal para streamers y terrestres de gran tama\u00f1o como hoppers o chernobyl de todo tipo. Fabricado con el nuevo acabado mate met\u00e1lico llamado Titan X que tiene como principal caracter\u00edstica eliminar el brillo del anzuelo y reflejos en el agua provocados por el sol. Otra funci\u00f3n es proteger el filo de nuestros anzuelos prolongando su vida \u00fatil en la pesca.\n<div class=\"woocommerce-product-details__short-description\">\n<div>\n<ul>\n<li><strong>Tipo de Filo:<\/strong>\u00a0Opti-Angle Needle Point.<\/li>\n<li>Micro barba.<\/li>\n<li><strong>Ojo:<\/strong>\u00a045 grados hacia abajo.<\/li>\n<li><strong>Punta:<\/strong>\u00a0con angulo de 22 grados.<\/li>\n<li><strong>Alambre:<\/strong>\u00a02X strong.<\/li>\n<li><strong>Largo de pata:\u00a0<\/strong>recto 4X long<\/li>\n<li><strong>Terminaci\u00f3n:<\/strong>\u00a0Acabado Titan X.<\/li>\n<li><strong>Revirado:<\/strong>\u00a0no.<\/li>\n<li><strong>Forjado:<\/strong>\u00a0si.<\/li>\n<li><strong>Aplicaci\u00f3n:<\/strong> anzuelo\u00a0 de alambre medio, ideal para wolly buggers y streamers de cuerpo medio. Tambi\u00e9n resultan apropiados para el atado de secas grandes y alargadas de foam, tipo Chernobyl Ant.<\/li>\n<li><\/li>\n<\/ul>\n<\/div>\n<\/div>\n<p><strong>\u00bfQu\u00e9 es el filo ALPHAPOINT en Mustad?<\/strong><strong>ALPHA POINT\u00ae 4.8<\/strong><\/p>\n<p>Es el nuevo filo de los anzuelos Mustad creando la familia Opti-Angle\u2122, la tecnolog\u00eda AlphaPoint\u00ae 4.8. Ha sido pulido para ser el m\u00e1s clavador y refinado de todos los anzuelos de mosca creados hasta el momento. Gracias a la durabilidad del proceso de afilado Opti-Angle\u2122, los anzuelos con AlphaPoint\u00ae son 10 veces m\u00e1s duraderos que cualquier anzuelo de la competencia.<\/li>\n<\/ul>\n","protected":false},"excerpt":{"rendered":"<p>El anzuelo\u00a0Mustad Heritage R74AP-TX\u00a0es ideal para streamers y terrestres de gran tama\u00f1o como hoppers o chernobyl de todo tipo. Fabricado con el nuevo acabado mate met\u00e1lico llamado Titan X que tiene como principal caracter\u00edstica eliminar el brillo del anzuelo y reflejos en el agua provocados por el sol. Otra funci\u00f3n es proteger el filo de [&hellip;]<\/p>\n","protected":false},"featured_media":2188,"comment_status":"open","ping_status":"closed","template":"","meta":{"_acf_changed":false,"_joinchat":[]},"marca":[],"product_brand":[235],"product_cat":[258,35],"product_tag":[236,237],"class_list":{"0":"post-2181","1":"product","2":"type-product","3":"status-publish","4":"has-post-thumbnail","6":"product_brand-mustad","7":"product_cat-anzuelos-fly-tying","8":"product_cat-fly-tying","9":"product_tag-anzuelo","10":"product_tag-mustad","11":"product_shipping_class-medianos","13":"first","14":"instock","15":"shipping-taxable","16":"purchasable","17":"product-type-variable"},"acf":[],"_links":{"self":[{"href":"https:\/\/somosmosca.com.ar\/index.php\/wp-json\/wp\/v2\/product\/2181","targetHints":{"allow":["GET"]}}],"collection":[{"href":"https:\/\/somosmosca.com.ar\/index.php\/wp-json\/wp\/v2\/product"}],"about":[{"href":"https:\/\/somosmosca.com.ar\/index.php\/wp-json\/wp\/v2\/types\/product"}],"replies":[{"embeddable":true,"href":"https:\/\/somosmosca.com.ar\/index.php\/wp-json\/wp\/v2\/comments?post=2181"}],"wp:featuredmedia":[{"embeddable":true,"href":"https:\/\/somosmosca.com.ar\/index.php\/wp-json\/wp\/v2\/media\/2188"}],"wp:attachment":[{"href":"https:\/\/somosmosca.com.ar\/index.php\/wp-json\/wp\/v2\/media?parent=2181"}],"wp:term":[{"taxonomy":"marca","embeddable":true,"href":"https:\/\/somosmosca.com.ar\/index.php\/wp-json\/wp\/v2\/marca?post=2181"},{"taxonomy":"product_brand","embeddable":true,"href":"https:\/\/somosmosca.com.ar\/index.php\/wp-json\/wp\/v2\/product_brand?post=2181"},{"taxonomy":"product_cat","embeddable":true,"href":"https:\/\/somosmosca.com.ar\/index.php\/wp-json\/wp\/v2\/product_cat?post=2181"},{"taxonomy":"product_tag","embeddable":true,"href":"https:\/\/somosmosca.com.ar\/index.php\/wp-json\/wp\/v2\/product_tag?post=2181"}],"curies":[{"name":"wp","href":"https:\/\/api.w.org\/{rel}","templated":true}]}}