{"id":2144,"date":"2026-04-22T16:27:55","date_gmt":"2026-04-22T16:27:55","guid":{"rendered":"https:\/\/somosmosca.com.ar\/?post_type=product&#038;p=2144"},"modified":"2026-04-22T16:32:54","modified_gmt":"2026-04-22T16:32:54","slug":"anzuelos-de-mosca-grey-gull-serie-n23","status":"publish","type":"product","link":"https:\/\/somosmosca.com.ar\/index.php\/producto\/anzuelos-de-mosca-grey-gull-serie-n23\/","title":{"rendered":"Anzuelos de Mosca Grey Gull SERIE N23"},"content":{"rendered":"<p>Los anzuelos Grey Gull para atado de moscas son por precio y calidad ideales para, principiantes, para atadores comerciales y porque no, experimentados pescadores. Su pack concentra todas las especificaciones t\u00e9cnicas que cuenta ese anzuelo y que tan \u00fatiles son al momento de elegir una serie para atar: largo de pata, grosor de alambre, si es forjado, tipo de ojal, color etc.\u00a0 Disponibles en pack de 20 unidades por sobre,\u00a0 fabricados por la excelente materia prima y mano de obra koreana.<\/p>\n<ul>\n<li><strong>Ojo:<\/strong>\u00a045 grados hacia abajo.<\/li>\n<li><strong>Alambre:<\/strong>\u00a02X strong.<\/li>\n<li><strong>Largo de pata:\u00a0<\/strong>1X Short.<\/li>\n<li><strong>Terminaci\u00f3n:<\/strong>\u00a0tradicional bronce de agua dulce.<\/li>\n<li><strong>Revirado:<\/strong>\u00a0no.<\/li>\n<li><strong>Forjado:<\/strong>\u00a0si.<\/li>\n<li><strong>Aplicaci\u00f3n:<\/strong>\u00a0anzuelo\u00a0 de alambre grueso y pata media, ideal para moscas h\u00famedas, soft hackles, ninfas y wolly buggers peque\u00f1as. Ideal cuando se busca un anzuelo peque\u00f1o y robusto.<\/li>\n<\/ul>\n","protected":false},"excerpt":{"rendered":"<p>Los anzuelos Grey Gull para atado de moscas son por precio y calidad ideales para, principiantes, para atadores comerciales y porque no, experimentados pescadores. Su pack concentra todas las especificaciones t\u00e9cnicas que cuenta ese anzuelo y que tan \u00fatiles son al momento de elegir una serie para atar: largo de pata, grosor de alambre, si [&hellip;]<\/p>\n","protected":false},"featured_media":2151,"comment_status":"open","ping_status":"closed","template":"","meta":{"_acf_changed":false,"_joinchat":[]},"marca":[],"product_brand":[149],"product_cat":[234],"product_tag":[236,150],"class_list":{"0":"post-2144","1":"product","2":"type-product","3":"status-publish","4":"has-post-thumbnail","6":"product_brand-grey-gull","7":"product_cat-anzuelos","8":"product_tag-anzuelo","9":"product_tag-grey-gull","10":"product_shipping_class-medianos","12":"first","13":"instock","14":"shipping-taxable","15":"purchasable","16":"product-type-variable"},"acf":[],"_links":{"self":[{"href":"https:\/\/somosmosca.com.ar\/index.php\/wp-json\/wp\/v2\/product\/2144","targetHints":{"allow":["GET"]}}],"collection":[{"href":"https:\/\/somosmosca.com.ar\/index.php\/wp-json\/wp\/v2\/product"}],"about":[{"href":"https:\/\/somosmosca.com.ar\/index.php\/wp-json\/wp\/v2\/types\/product"}],"replies":[{"embeddable":true,"href":"https:\/\/somosmosca.com.ar\/index.php\/wp-json\/wp\/v2\/comments?post=2144"}],"wp:featuredmedia":[{"embeddable":true,"href":"https:\/\/somosmosca.com.ar\/index.php\/wp-json\/wp\/v2\/media\/2151"}],"wp:attachment":[{"href":"https:\/\/somosmosca.com.ar\/index.php\/wp-json\/wp\/v2\/media?parent=2144"}],"wp:term":[{"taxonomy":"marca","embeddable":true,"href":"https:\/\/somosmosca.com.ar\/index.php\/wp-json\/wp\/v2\/marca?post=2144"},{"taxonomy":"product_brand","embeddable":true,"href":"https:\/\/somosmosca.com.ar\/index.php\/wp-json\/wp\/v2\/product_brand?post=2144"},{"taxonomy":"product_cat","embeddable":true,"href":"https:\/\/somosmosca.com.ar\/index.php\/wp-json\/wp\/v2\/product_cat?post=2144"},{"taxonomy":"product_tag","embeddable":true,"href":"https:\/\/somosmosca.com.ar\/index.php\/wp-json\/wp\/v2\/product_tag?post=2144"}],"curies":[{"name":"wp","href":"https:\/\/api.w.org\/{rel}","templated":true}]}}