{"id":2121,"date":"2026-04-22T16:00:57","date_gmt":"2026-04-22T16:00:57","guid":{"rendered":"https:\/\/somosmosca.com.ar\/?post_type=product&#038;p=2121"},"modified":"2026-05-04T18:58:10","modified_gmt":"2026-05-04T18:58:10","slug":"anzuelo-mustad-heritage-s82ap-tx","status":"publish","type":"product","link":"https:\/\/somosmosca.com.ar\/index.php\/producto\/anzuelo-mustad-heritage-s82ap-tx\/","title":{"rendered":"ANZUELO MUSTAD HERITAGE S82AP-TX x 50u"},"content":{"rendered":"<p>El\u00a0\u00a0<strong>Mustad Heritage S82AP-TX<\/strong>\u00a0es un anzuelo pesado y fuerte ideal para hacer ninfas, moscas h\u00fameda. cuenta con ojo hacia abajo y un filo AlphaPoint\u00ae s\u00faper afilado. Su alambre es 3X Strong, Un anzuelo universal que te permite atar casi cualquier cosa que est\u00e9 debajo de la superficie.<\/p>\n<p>Fabricado con el nuevo filo\u00a0<strong>ALPHA POINT\u00ae 4.8<\/strong>\u00a0acabado mate met\u00e1lico llamado Titan X que tiene como principal caracter\u00edstica eliminar el brillo del anzuelo y reflejos en el agua provocados por el sol. Otra funci\u00f3n es proteger el filo de nuestros anzuelos prolongando su vida \u00fatil en la pesca<\/p>\n<ul>\n<li><strong>Tecnolog\u00eda: 4.8 AlphaPoint\u00ae<\/strong><\/li>\n<li><strong>Tipo de Filo:<\/strong>\u00a0Opti-Angle Needle Point.<\/li>\n<li>Micro barba.<\/li>\n<li><strong>Terminaci\u00f3n<\/strong>: Acabado Titan X.<\/li>\n<li><strong>Ojo:<\/strong>\u00a045 grados hacia abajo.<\/li>\n<li><strong>Alambre:<\/strong>\u00a03X strong.<\/li>\n<li><strong>Largo de pata:\u00a0<\/strong>2X long.<\/li>\n<li><strong>Revirado:<\/strong>\u00a0no.<\/li>\n<li><strong>Forjado:<\/strong>\u00a0si.<\/li>\n<li><strong>Aplicaci\u00f3n:<\/strong>\u00a0anzuelo\u00a0 de alambre grueso y pata media, ideal para moscas h\u00famedas, soft hackles, ninfas y wolly buggers. Ideal cuando se busca un anzuelo peque\u00f1o y robusto, que no se abra con truchas y salmones pesados (Ej: Strobel y TDF).<\/li>\n<\/ul>\n","protected":false},"excerpt":{"rendered":"<p>El\u00a0\u00a0Mustad Heritage S82AP-TX\u00a0es un anzuelo pesado y fuerte ideal para hacer ninfas, moscas h\u00fameda. cuenta con ojo hacia abajo y un filo AlphaPoint\u00ae s\u00faper afilado. Su alambre es 3X Strong, Un anzuelo universal que te permite atar casi cualquier cosa que est\u00e9 debajo de la superficie. Fabricado con el nuevo filo\u00a0ALPHA POINT\u00ae 4.8\u00a0acabado mate met\u00e1lico [&hellip;]<\/p>\n","protected":false},"featured_media":2131,"comment_status":"open","ping_status":"closed","template":"","meta":{"_acf_changed":false,"_joinchat":[]},"marca":[],"product_brand":[235],"product_cat":[258,35],"product_tag":[236,237],"class_list":{"0":"post-2121","1":"product","2":"type-product","3":"status-publish","4":"has-post-thumbnail","6":"product_brand-mustad","7":"product_cat-anzuelos-fly-tying","8":"product_cat-fly-tying","9":"product_tag-anzuelo","10":"product_tag-mustad","11":"product_shipping_class-medianos","13":"first","14":"instock","15":"shipping-taxable","16":"purchasable","17":"product-type-variable"},"acf":[],"_links":{"self":[{"href":"https:\/\/somosmosca.com.ar\/index.php\/wp-json\/wp\/v2\/product\/2121","targetHints":{"allow":["GET"]}}],"collection":[{"href":"https:\/\/somosmosca.com.ar\/index.php\/wp-json\/wp\/v2\/product"}],"about":[{"href":"https:\/\/somosmosca.com.ar\/index.php\/wp-json\/wp\/v2\/types\/product"}],"replies":[{"embeddable":true,"href":"https:\/\/somosmosca.com.ar\/index.php\/wp-json\/wp\/v2\/comments?post=2121"}],"wp:featuredmedia":[{"embeddable":true,"href":"https:\/\/somosmosca.com.ar\/index.php\/wp-json\/wp\/v2\/media\/2131"}],"wp:attachment":[{"href":"https:\/\/somosmosca.com.ar\/index.php\/wp-json\/wp\/v2\/media?parent=2121"}],"wp:term":[{"taxonomy":"marca","embeddable":true,"href":"https:\/\/somosmosca.com.ar\/index.php\/wp-json\/wp\/v2\/marca?post=2121"},{"taxonomy":"product_brand","embeddable":true,"href":"https:\/\/somosmosca.com.ar\/index.php\/wp-json\/wp\/v2\/product_brand?post=2121"},{"taxonomy":"product_cat","embeddable":true,"href":"https:\/\/somosmosca.com.ar\/index.php\/wp-json\/wp\/v2\/product_cat?post=2121"},{"taxonomy":"product_tag","embeddable":true,"href":"https:\/\/somosmosca.com.ar\/index.php\/wp-json\/wp\/v2\/product_tag?post=2121"}],"curies":[{"name":"wp","href":"https:\/\/api.w.org\/{rel}","templated":true}]}}