{"id":2101,"date":"2026-04-22T15:32:38","date_gmt":"2026-04-22T15:32:38","guid":{"rendered":"https:\/\/somosmosca.com.ar\/?post_type=product&#038;p=2101"},"modified":"2026-05-04T18:58:41","modified_gmt":"2026-05-04T18:58:41","slug":"anzuelo-mustad-heritage-c67sap-tx-copia","status":"publish","type":"product","link":"https:\/\/somosmosca.com.ar\/index.php\/producto\/anzuelo-mustad-heritage-c67sap-tx-copia\/","title":{"rendered":"ANZUELO MUSTAD HERITAGE C53SAP-TX x 50u"},"content":{"rendered":"<p>Este anzuelo York bend curvo y superresistente es ideal para moscas secas, terrestres y ninfas curvas. Cuenta con una pata 3 veces m\u00e1s larga, ojo recto, microp\u00faa y AlphaPoint\u00ae superafilado. Es el anzuelo ideal para moscas secas invertidas, stimulator y todo tipo de ninfas curvas. Incorpora el nuevo acabado TitanX mate en metal de ca\u00f1\u00f3n para reducir el reflejo y aumentar la discreci\u00f3n.<\/p>\n","protected":false},"excerpt":{"rendered":"<p>Este anzuelo York bend curvo y superresistente es ideal para moscas secas, terrestres y ninfas curvas. Cuenta con una pata 3 veces m\u00e1s larga, ojo recto, microp\u00faa y AlphaPoint\u00ae superafilado. Es el anzuelo ideal para moscas secas invertidas, stimulator y todo tipo de ninfas curvas. Incorpora el nuevo acabado TitanX mate en metal de ca\u00f1\u00f3n [&hellip;]<\/p>\n","protected":false},"featured_media":2108,"comment_status":"open","ping_status":"closed","template":"","meta":{"_acf_changed":false,"_joinchat":[]},"marca":[],"product_brand":[235],"product_cat":[258,35],"product_tag":[236,237],"class_list":{"0":"post-2101","1":"product","2":"type-product","3":"status-publish","4":"has-post-thumbnail","6":"product_brand-mustad","7":"product_cat-anzuelos-fly-tying","8":"product_cat-fly-tying","9":"product_tag-anzuelo","10":"product_tag-mustad","11":"product_shipping_class-medianos","13":"first","14":"instock","15":"shipping-taxable","16":"purchasable","17":"product-type-variable"},"acf":[],"_links":{"self":[{"href":"https:\/\/somosmosca.com.ar\/index.php\/wp-json\/wp\/v2\/product\/2101","targetHints":{"allow":["GET"]}}],"collection":[{"href":"https:\/\/somosmosca.com.ar\/index.php\/wp-json\/wp\/v2\/product"}],"about":[{"href":"https:\/\/somosmosca.com.ar\/index.php\/wp-json\/wp\/v2\/types\/product"}],"replies":[{"embeddable":true,"href":"https:\/\/somosmosca.com.ar\/index.php\/wp-json\/wp\/v2\/comments?post=2101"}],"wp:featuredmedia":[{"embeddable":true,"href":"https:\/\/somosmosca.com.ar\/index.php\/wp-json\/wp\/v2\/media\/2108"}],"wp:attachment":[{"href":"https:\/\/somosmosca.com.ar\/index.php\/wp-json\/wp\/v2\/media?parent=2101"}],"wp:term":[{"taxonomy":"marca","embeddable":true,"href":"https:\/\/somosmosca.com.ar\/index.php\/wp-json\/wp\/v2\/marca?post=2101"},{"taxonomy":"product_brand","embeddable":true,"href":"https:\/\/somosmosca.com.ar\/index.php\/wp-json\/wp\/v2\/product_brand?post=2101"},{"taxonomy":"product_cat","embeddable":true,"href":"https:\/\/somosmosca.com.ar\/index.php\/wp-json\/wp\/v2\/product_cat?post=2101"},{"taxonomy":"product_tag","embeddable":true,"href":"https:\/\/somosmosca.com.ar\/index.php\/wp-json\/wp\/v2\/product_tag?post=2101"}],"curies":[{"name":"wp","href":"https:\/\/api.w.org\/{rel}","templated":true}]}}