{"id":2091,"date":"2026-04-22T15:15:49","date_gmt":"2026-04-22T15:15:49","guid":{"rendered":"https:\/\/somosmosca.com.ar\/?post_type=product&#038;p=2091"},"modified":"2026-04-29T20:00:32","modified_gmt":"2026-04-29T20:00:32","slug":"anzuelo-mustad-heritage-co68ap-tx","status":"publish","type":"product","link":"https:\/\/somosmosca.com.ar\/index.php\/producto\/anzuelo-mustad-heritage-co68ap-tx\/","title":{"rendered":"ANZUELO MUSTAD HERITAGE CO68AP-TX x 25u"},"content":{"rendered":"<p>Un anzuelo curvo offset para huevo\/caddis con un ojal hacia abajo y s\u00faper afilado AlphaPoint\u00ae. Un anzuelo pesado y s\u00faper fuerte que es 2X pesado y 2X corto para cuando necesitas un anzuelo peque\u00f1o y fuerte para patrones que necesitan bajar r\u00e1pido. Equipado con el nuevo acabado TitanX de metal mate para reducir el brillo reflejado y aumentar el sigilo.<\/p>\n","protected":false},"excerpt":{"rendered":"<p>Un anzuelo curvo offset para huevo\/caddis con un ojal hacia abajo y s\u00faper afilado AlphaPoint\u00ae. Un anzuelo pesado y s\u00faper fuerte que es 2X pesado y 2X corto para cuando necesitas un anzuelo peque\u00f1o y fuerte para patrones que necesitan bajar r\u00e1pido. Equipado con el nuevo acabado TitanX de metal mate para reducir el brillo [&hellip;]<\/p>\n","protected":false},"featured_media":2097,"comment_status":"open","ping_status":"closed","template":"","meta":{"_acf_changed":false,"_joinchat":[]},"marca":[],"product_brand":[235],"product_cat":[234],"product_tag":[236,237],"class_list":{"0":"post-2091","1":"product","2":"type-product","3":"status-publish","4":"has-post-thumbnail","6":"product_brand-mustad","7":"product_cat-anzuelos","8":"product_tag-anzuelo","9":"product_tag-mustad","10":"product_shipping_class-medianos","12":"first","13":"instock","14":"shipping-taxable","15":"purchasable","16":"product-type-variable","17":"has-default-attributes"},"acf":[],"_links":{"self":[{"href":"https:\/\/somosmosca.com.ar\/index.php\/wp-json\/wp\/v2\/product\/2091","targetHints":{"allow":["GET"]}}],"collection":[{"href":"https:\/\/somosmosca.com.ar\/index.php\/wp-json\/wp\/v2\/product"}],"about":[{"href":"https:\/\/somosmosca.com.ar\/index.php\/wp-json\/wp\/v2\/types\/product"}],"replies":[{"embeddable":true,"href":"https:\/\/somosmosca.com.ar\/index.php\/wp-json\/wp\/v2\/comments?post=2091"}],"wp:featuredmedia":[{"embeddable":true,"href":"https:\/\/somosmosca.com.ar\/index.php\/wp-json\/wp\/v2\/media\/2097"}],"wp:attachment":[{"href":"https:\/\/somosmosca.com.ar\/index.php\/wp-json\/wp\/v2\/media?parent=2091"}],"wp:term":[{"taxonomy":"marca","embeddable":true,"href":"https:\/\/somosmosca.com.ar\/index.php\/wp-json\/wp\/v2\/marca?post=2091"},{"taxonomy":"product_brand","embeddable":true,"href":"https:\/\/somosmosca.com.ar\/index.php\/wp-json\/wp\/v2\/product_brand?post=2091"},{"taxonomy":"product_cat","embeddable":true,"href":"https:\/\/somosmosca.com.ar\/index.php\/wp-json\/wp\/v2\/product_cat?post=2091"},{"taxonomy":"product_tag","embeddable":true,"href":"https:\/\/somosmosca.com.ar\/index.php\/wp-json\/wp\/v2\/product_tag?post=2091"}],"curies":[{"name":"wp","href":"https:\/\/api.w.org\/{rel}","templated":true}]}}