{"id":1902,"date":"2026-04-10T19:33:56","date_gmt":"2026-04-10T19:33:56","guid":{"rendered":"https:\/\/somosmosca.com.ar\/?post_type=product&#038;p=1902"},"modified":"2026-04-10T19:33:57","modified_gmt":"2026-04-10T19:33:57","slug":"linea-scientific-anglers-mastery-tropical-jungle-titan","status":"publish","type":"product","link":"https:\/\/somosmosca.com.ar\/index.php\/producto\/linea-scientific-anglers-mastery-tropical-jungle-titan\/","title":{"rendered":"LINEA SCIENTIFIC ANGLERS MASTERY TROPICAL JUNGLE TITAN"},"content":{"rendered":"<p><span data-sheets-root=\"1\">Cuando est\u00e1s sumergido hasta las rodillas en<br \/>\nun claro arroyo de la jungla en alg\u00fan lugar de<br \/>\nAm\u00e9rica del Sur, necesitas las mejores herramientas<br \/>\npara perseguir al pez de tus sue\u00f1os.<br \/>\nYa sea un dorado radiante o un tucunar\u00e9 perversamente<br \/>\npoderoso, la l\u00ednea de mosca Mastery<br \/>\nJungle Titan har\u00e1 el trabajo. Construida<br \/>\npara los duros entornos de la jungla y dise\u00f1ada<br \/>\npara maniobrar las moscas m\u00e1s grandes,<br \/>\nesta l\u00ednea es la indicada.<br \/>\n\u25cf La potente cabeza se carga r\u00e1pidamente y<br \/>\nlanza moscas grandes a objetivos distantes.<br \/>\n\u25cf Ideal para pescar desde una embarcaci\u00f3n o<br \/>\nvadeando.<br \/>\n\u25cf La tecnolog\u00eda Tropi-Core la mantiene resbaladiza<br \/>\ny r\u00edgida en ambientes tropicales.<\/span><\/p>\n","protected":false},"excerpt":{"rendered":"<p>Cuando est\u00e1s sumergido hasta las rodillas en un claro arroyo de la jungla en alg\u00fan lugar de Am\u00e9rica del Sur, necesitas las mejores herramientas para perseguir al pez de tus sue\u00f1os. Ya sea un dorado radiante o un tucunar\u00e9 perversamente poderoso, la l\u00ednea de mosca Mastery Jungle Titan har\u00e1 el trabajo. Construida para los duros [&hellip;]<\/p>\n","protected":false},"featured_media":1905,"comment_status":"open","ping_status":"closed","template":"","meta":{"_acf_changed":false,"_joinchat":[]},"marca":[200],"product_brand":[197],"product_cat":[32,45],"product_tag":[198,199],"class_list":{"0":"post-1902","1":"product","2":"type-product","3":"status-publish","4":"has-post-thumbnail","6":"marca-scientific-anglers","7":"product_brand-scientific-anglers","8":"product_cat-fly-fishing","9":"product_cat-lineas-leaders-y-tippets","10":"product_tag-linea","11":"product_tag-scientific-anglers","12":"product_shipping_class-medianos","14":"first","15":"instock","16":"shipping-taxable","17":"purchasable","18":"product-type-variable"},"acf":[],"_links":{"self":[{"href":"https:\/\/somosmosca.com.ar\/index.php\/wp-json\/wp\/v2\/product\/1902","targetHints":{"allow":["GET"]}}],"collection":[{"href":"https:\/\/somosmosca.com.ar\/index.php\/wp-json\/wp\/v2\/product"}],"about":[{"href":"https:\/\/somosmosca.com.ar\/index.php\/wp-json\/wp\/v2\/types\/product"}],"replies":[{"embeddable":true,"href":"https:\/\/somosmosca.com.ar\/index.php\/wp-json\/wp\/v2\/comments?post=1902"}],"wp:featuredmedia":[{"embeddable":true,"href":"https:\/\/somosmosca.com.ar\/index.php\/wp-json\/wp\/v2\/media\/1905"}],"wp:attachment":[{"href":"https:\/\/somosmosca.com.ar\/index.php\/wp-json\/wp\/v2\/media?parent=1902"}],"wp:term":[{"taxonomy":"marca","embeddable":true,"href":"https:\/\/somosmosca.com.ar\/index.php\/wp-json\/wp\/v2\/marca?post=1902"},{"taxonomy":"product_brand","embeddable":true,"href":"https:\/\/somosmosca.com.ar\/index.php\/wp-json\/wp\/v2\/product_brand?post=1902"},{"taxonomy":"product_cat","embeddable":true,"href":"https:\/\/somosmosca.com.ar\/index.php\/wp-json\/wp\/v2\/product_cat?post=1902"},{"taxonomy":"product_tag","embeddable":true,"href":"https:\/\/somosmosca.com.ar\/index.php\/wp-json\/wp\/v2\/product_tag?post=1902"}],"curies":[{"name":"wp","href":"https:\/\/api.w.org\/{rel}","templated":true}]}}