{"id":1891,"date":"2026-04-10T18:55:46","date_gmt":"2026-04-10T18:55:46","guid":{"rendered":"https:\/\/somosmosca.com.ar\/?post_type=product&#038;p=1891"},"modified":"2026-04-10T18:55:47","modified_gmt":"2026-04-10T18:55:47","slug":"linea-scientific-angler-frecuency-magnum-wf8","status":"publish","type":"product","link":"https:\/\/somosmosca.com.ar\/index.php\/producto\/linea-scientific-angler-frecuency-magnum-wf8\/","title":{"rendered":"LINEA SCIENTIFIC ANGLER FRECUENCY  MAGNUM WF8"},"content":{"rendered":"<p><span data-sheets-root=\"1\">La Frequency Magnum resumida en seis<br \/>\npalabras: moscas grandes, pez grande,<br \/>\nprecio peque\u00f1o.<br \/>\nDise\u00f1ada con una cabeza agresiva de peso<br \/>\nhacia adelante, para lanzar moscas grandes,<br \/>\ndar la vuelta al tiro y volar a trav\u00e9s del viento.<br \/>\n\u25cf Una l\u00ednea un poco intimidante, es bueno<br \/>\ntener algo de m\u00fasculo de tu lado si est\u00e1s<br \/>\nbuscando grandes presas.<br \/>\n\u25cf El dise\u00f1o con sobre peso carga ca\u00f1as de<br \/>\nacci\u00f3n r\u00e1pida.<br \/>\n\u25cf Para uso en ambientes de agua dulce y salada.<br \/>\n\u25cf N\u00facleo de multifilamento trenzado.<\/span><\/p>\n","protected":false},"excerpt":{"rendered":"<p>La Frequency Magnum resumida en seis palabras: moscas grandes, pez grande, precio peque\u00f1o. Dise\u00f1ada con una cabeza agresiva de peso hacia adelante, para lanzar moscas grandes, dar la vuelta al tiro y volar a trav\u00e9s del viento. \u25cf Una l\u00ednea un poco intimidante, es bueno tener algo de m\u00fasculo de tu lado si est\u00e1s buscando [&hellip;]<\/p>\n","protected":false},"featured_media":1892,"comment_status":"open","ping_status":"closed","template":"","meta":{"_acf_changed":false,"_joinchat":[]},"marca":[200],"product_brand":[197],"product_cat":[32,45],"product_tag":[198,199],"class_list":{"0":"post-1891","1":"product","2":"type-product","3":"status-publish","4":"has-post-thumbnail","6":"marca-scientific-anglers","7":"product_brand-scientific-anglers","8":"product_cat-fly-fishing","9":"product_cat-lineas-leaders-y-tippets","10":"product_tag-linea","11":"product_tag-scientific-anglers","12":"product_shipping_class-medianos","14":"first","15":"instock","16":"shipping-taxable","17":"purchasable","18":"product-type-simple"},"acf":[],"_links":{"self":[{"href":"https:\/\/somosmosca.com.ar\/index.php\/wp-json\/wp\/v2\/product\/1891","targetHints":{"allow":["GET"]}}],"collection":[{"href":"https:\/\/somosmosca.com.ar\/index.php\/wp-json\/wp\/v2\/product"}],"about":[{"href":"https:\/\/somosmosca.com.ar\/index.php\/wp-json\/wp\/v2\/types\/product"}],"replies":[{"embeddable":true,"href":"https:\/\/somosmosca.com.ar\/index.php\/wp-json\/wp\/v2\/comments?post=1891"}],"wp:featuredmedia":[{"embeddable":true,"href":"https:\/\/somosmosca.com.ar\/index.php\/wp-json\/wp\/v2\/media\/1892"}],"wp:attachment":[{"href":"https:\/\/somosmosca.com.ar\/index.php\/wp-json\/wp\/v2\/media?parent=1891"}],"wp:term":[{"taxonomy":"marca","embeddable":true,"href":"https:\/\/somosmosca.com.ar\/index.php\/wp-json\/wp\/v2\/marca?post=1891"},{"taxonomy":"product_brand","embeddable":true,"href":"https:\/\/somosmosca.com.ar\/index.php\/wp-json\/wp\/v2\/product_brand?post=1891"},{"taxonomy":"product_cat","embeddable":true,"href":"https:\/\/somosmosca.com.ar\/index.php\/wp-json\/wp\/v2\/product_cat?post=1891"},{"taxonomy":"product_tag","embeddable":true,"href":"https:\/\/somosmosca.com.ar\/index.php\/wp-json\/wp\/v2\/product_tag?post=1891"}],"curies":[{"name":"wp","href":"https:\/\/api.w.org\/{rel}","templated":true}]}}