{"id":1885,"date":"2026-04-10T18:51:34","date_gmt":"2026-04-10T18:51:34","guid":{"rendered":"https:\/\/somosmosca.com.ar\/?post_type=product&#038;p=1885"},"modified":"2026-04-10T18:53:16","modified_gmt":"2026-04-10T18:53:16","slug":"linea-scientific-anglers-amplitude-smooth-grand-slam","status":"publish","type":"product","link":"https:\/\/somosmosca.com.ar\/index.php\/producto\/linea-scientific-anglers-amplitude-smooth-grand-slam\/","title":{"rendered":"LINEA SCIENTIFIC ANGLERS Amplitude Smooth GRAND SLAM"},"content":{"rendered":"<p><span data-sheets-root=\"1\">La serie de l\u00edneas Amplitude Smooth en pocas<br \/>\npalabras, es la serie de L\u00edneas lisas, de mayor<br \/>\nrendimiento del mundo.<br \/>\nCon hasta cinco veces menor resistencia y<br \/>\nocho veces m\u00e1s durabilidad que las l\u00edneas<br \/>\ntradicionales.<br \/>\nDesde Tarpones y palometa hasta Jureles y<br \/>\nBonefish, esta l\u00ednea est\u00e1 dise\u00f1ada para los<br \/>\nentornos m\u00e1s duros y los peces m\u00e1s grandes<br \/>\nque existen.<br \/>\n\u25cf Con una cabeza corta y poderosa, la Grand<br \/>\nSlam corta el viento y alcanza su objetivo a lo<br \/>\nlejos.<br \/>\n\u25cf Cuenta con el revolucionario aditivo AST Plus<br \/>\nque proporciona lances m\u00e1s largos y prolonga<br \/>\nsu durabilidad.<br \/>\n\u25cf Un peso adicional de 0,75 ideal para cargar<br \/>\nlas ca\u00f1as r\u00e1pidamente.<br \/>\n\u25cf La cabeza corta y potente permite girar<br \/>\nl\u00edderes largos y moscas pesadas.<br \/>\n\u25cf La tecnolog\u00eda Tropi-Core mantiene la l\u00ednea<br \/>\nr\u00edgida, pero suave en ambientes tropicales.<\/span><\/p>\n","protected":false},"excerpt":{"rendered":"<p>La serie de l\u00edneas Amplitude Smooth en pocas palabras, es la serie de L\u00edneas lisas, de mayor rendimiento del mundo. Con hasta cinco veces menor resistencia y ocho veces m\u00e1s durabilidad que las l\u00edneas tradicionales. Desde Tarpones y palometa hasta Jureles y Bonefish, esta l\u00ednea est\u00e1 dise\u00f1ada para los entornos m\u00e1s duros y los peces [&hellip;]<\/p>\n","protected":false},"featured_media":1889,"comment_status":"open","ping_status":"closed","template":"","meta":{"_acf_changed":false,"_joinchat":[]},"marca":[200],"product_brand":[197],"product_cat":[32,45],"product_tag":[198,199],"class_list":{"0":"post-1885","1":"product","2":"type-product","3":"status-publish","4":"has-post-thumbnail","6":"marca-scientific-anglers","7":"product_brand-scientific-anglers","8":"product_cat-fly-fishing","9":"product_cat-lineas-leaders-y-tippets","10":"product_tag-linea","11":"product_tag-scientific-anglers","12":"product_shipping_class-medianos","14":"first","15":"instock","16":"shipping-taxable","17":"purchasable","18":"product-type-variable"},"acf":[],"_links":{"self":[{"href":"https:\/\/somosmosca.com.ar\/index.php\/wp-json\/wp\/v2\/product\/1885","targetHints":{"allow":["GET"]}}],"collection":[{"href":"https:\/\/somosmosca.com.ar\/index.php\/wp-json\/wp\/v2\/product"}],"about":[{"href":"https:\/\/somosmosca.com.ar\/index.php\/wp-json\/wp\/v2\/types\/product"}],"replies":[{"embeddable":true,"href":"https:\/\/somosmosca.com.ar\/index.php\/wp-json\/wp\/v2\/comments?post=1885"}],"wp:featuredmedia":[{"embeddable":true,"href":"https:\/\/somosmosca.com.ar\/index.php\/wp-json\/wp\/v2\/media\/1889"}],"wp:attachment":[{"href":"https:\/\/somosmosca.com.ar\/index.php\/wp-json\/wp\/v2\/media?parent=1885"}],"wp:term":[{"taxonomy":"marca","embeddable":true,"href":"https:\/\/somosmosca.com.ar\/index.php\/wp-json\/wp\/v2\/marca?post=1885"},{"taxonomy":"product_brand","embeddable":true,"href":"https:\/\/somosmosca.com.ar\/index.php\/wp-json\/wp\/v2\/product_brand?post=1885"},{"taxonomy":"product_cat","embeddable":true,"href":"https:\/\/somosmosca.com.ar\/index.php\/wp-json\/wp\/v2\/product_cat?post=1885"},{"taxonomy":"product_tag","embeddable":true,"href":"https:\/\/somosmosca.com.ar\/index.php\/wp-json\/wp\/v2\/product_tag?post=1885"}],"curies":[{"name":"wp","href":"https:\/\/api.w.org\/{rel}","templated":true}]}}