{"id":1882,"date":"2026-04-10T18:37:36","date_gmt":"2026-04-10T18:37:36","guid":{"rendered":"https:\/\/somosmosca.com.ar\/?post_type=product&#038;p=1882"},"modified":"2026-04-10T18:56:30","modified_gmt":"2026-04-10T18:56:30","slug":"linea-scientific-anglers-amplitude-smooth-trout","status":"publish","type":"product","link":"https:\/\/somosmosca.com.ar\/index.php\/producto\/linea-scientific-anglers-amplitude-smooth-trout\/","title":{"rendered":"LINEA SCIENTIFIC ANGLERS Amplitude Smooth TROUT WF6"},"content":{"rendered":"<p><span data-sheets-root=\"1\">La serie de l\u00edneas Amplitude Smooth son en<br \/>\npocas palabras, las l\u00edneas de mosca suave de<br \/>\nmayor rendimiento en el mundo, con hasta<br \/>\ncinco veces menos resistencia y ocho veces<br \/>\nla durabilidad de las l\u00edneas tradicionales, esto<br \/>\ncambiar\u00e1 la forma en que ves el rendimiento<br \/>\nde la l\u00ednea de mosca.<br \/>\nVes a esa trucha a 12 o 15 metros comiendo<br \/>\nTricos y como no pod\u00e9s dudar de tu l\u00ednea en<br \/>\nese momento necesitas el cono Amplitude<br \/>\nSmooth Trout, con nuestro inigualable aditivo<br \/>\nde deslizamiento AST Plus.<br \/>\nAmplitude Smooth Trout est\u00e1 dise\u00f1ada espec\u00edficamente<br \/>\npara presentaciones precisas y<br \/>\npara aquellos que aman las moscas secas.<br \/>\nSobresale en distancias medias a largas con<br \/>\nmoscas secas y ninfas peque\u00f1as.<br \/>\n\u25cf Maravillosa en ca\u00f1as de fibra y bamb\u00fa.<br \/>\n\u25cf El cono frontal alargado est\u00e1 dise\u00f1ado para<br \/>\npresentaciones delicadas.<br \/>\n\u25cf Para aguas templadas y frias.<br \/>\n\u25cf N\u00facleo de multifilamento trenzado.<\/span><\/p>\n","protected":false},"excerpt":{"rendered":"<p>La serie de l\u00edneas Amplitude Smooth son en pocas palabras, las l\u00edneas de mosca suave de mayor rendimiento en el mundo, con hasta cinco veces menos resistencia y ocho veces la durabilidad de las l\u00edneas tradicionales, esto cambiar\u00e1 la forma en que ves el rendimiento de la l\u00ednea de mosca. Ves a esa trucha a [&hellip;]<\/p>\n","protected":false},"featured_media":1883,"comment_status":"open","ping_status":"closed","template":"","meta":{"_acf_changed":false,"_joinchat":[]},"marca":[200],"product_brand":[197],"product_cat":[32,45],"product_tag":[198,199],"class_list":{"0":"post-1882","1":"product","2":"type-product","3":"status-publish","4":"has-post-thumbnail","6":"marca-scientific-anglers","7":"product_brand-scientific-anglers","8":"product_cat-fly-fishing","9":"product_cat-lineas-leaders-y-tippets","10":"product_tag-linea","11":"product_tag-scientific-anglers","12":"product_shipping_class-medianos","14":"first","15":"instock","16":"shipping-taxable","17":"purchasable","18":"product-type-simple"},"acf":[],"_links":{"self":[{"href":"https:\/\/somosmosca.com.ar\/index.php\/wp-json\/wp\/v2\/product\/1882","targetHints":{"allow":["GET"]}}],"collection":[{"href":"https:\/\/somosmosca.com.ar\/index.php\/wp-json\/wp\/v2\/product"}],"about":[{"href":"https:\/\/somosmosca.com.ar\/index.php\/wp-json\/wp\/v2\/types\/product"}],"replies":[{"embeddable":true,"href":"https:\/\/somosmosca.com.ar\/index.php\/wp-json\/wp\/v2\/comments?post=1882"}],"wp:featuredmedia":[{"embeddable":true,"href":"https:\/\/somosmosca.com.ar\/index.php\/wp-json\/wp\/v2\/media\/1883"}],"wp:attachment":[{"href":"https:\/\/somosmosca.com.ar\/index.php\/wp-json\/wp\/v2\/media?parent=1882"}],"wp:term":[{"taxonomy":"marca","embeddable":true,"href":"https:\/\/somosmosca.com.ar\/index.php\/wp-json\/wp\/v2\/marca?post=1882"},{"taxonomy":"product_brand","embeddable":true,"href":"https:\/\/somosmosca.com.ar\/index.php\/wp-json\/wp\/v2\/product_brand?post=1882"},{"taxonomy":"product_cat","embeddable":true,"href":"https:\/\/somosmosca.com.ar\/index.php\/wp-json\/wp\/v2\/product_cat?post=1882"},{"taxonomy":"product_tag","embeddable":true,"href":"https:\/\/somosmosca.com.ar\/index.php\/wp-json\/wp\/v2\/product_tag?post=1882"}],"curies":[{"name":"wp","href":"https:\/\/api.w.org\/{rel}","templated":true}]}}