{"id":1719,"date":"2026-04-09T18:56:25","date_gmt":"2026-04-09T18:56:25","guid":{"rendered":"https:\/\/somosmosca.com.ar\/?post_type=product&#038;p=1719"},"modified":"2026-04-09T18:59:51","modified_gmt":"2026-04-09T18:59:51","slug":"cana-echo-boost-blue","status":"publish","type":"product","link":"https:\/\/somosmosca.com.ar\/index.php\/producto\/cana-echo-boost-blue\/","title":{"rendered":"ca\u00f1a echo boost blue #7"},"content":{"rendered":"<p><span data-sheets-root=\"1\">La **Echo Boost Blue l\u00ednea #7 de 9 pies** es una ca\u00f1a de mosca de acci\u00f3n r\u00e1pida, dise\u00f1ada para ofrecer potencia, respuesta y control en situaciones de pesca exigentes. Su blank de grafito de alto m\u00f3dulo brinda una excelente relaci\u00f3n entre peso y fuerza, permitiendo generar alta velocidad de l\u00ednea y tiros firmes aun con cargas pesadas.<\/span><\/p>\n<p>Cuenta con pasahilos de calidad para un deslizamiento fluido, portarreel anodizado resistente a la corrosi\u00f3n y mango de corcho con formato Full Wells, que aporta un agarre seguro y c\u00f3modo durante lances potentes y peleas prolongadas. Se entrega con funda y tubo de transporte para una protecci\u00f3n completa del equipo.<\/p>\n<p>Es una ca\u00f1a ideal para pesca con shooting heads, shooting integrados y l\u00edneas sinking tip, ya que su acci\u00f3n facilita cargar r\u00e1pido y disparar l\u00ednea con eficiencia. Por su potencia y capacidad de manejo de streamers y l\u00edneas densas, es tambi\u00e9n una excelente opci\u00f3n para la pesca de dorados y otras especies de buen porte.<\/p>\n","protected":false},"excerpt":{"rendered":"<p>La **Echo Boost Blue l\u00ednea #7 de 9 pies** es una ca\u00f1a de mosca de acci\u00f3n r\u00e1pida, dise\u00f1ada para ofrecer potencia, respuesta y control en situaciones de pesca exigentes. Su blank de grafito de alto m\u00f3dulo brinda una excelente relaci\u00f3n entre peso y fuerza, permitiendo generar alta velocidad de l\u00ednea y tiros firmes aun con [&hellip;]<\/p>\n","protected":false},"featured_media":1720,"comment_status":"open","ping_status":"closed","template":"","meta":{"_acf_changed":false,"_joinchat":[]},"marca":[38],"product_brand":[142],"product_cat":[43,32],"product_tag":[161,144],"class_list":{"0":"post-1719","1":"product","2":"type-product","3":"status-publish","4":"has-post-thumbnail","6":"marca-echo","7":"product_brand-echo","8":"product_cat-canas-y-combos","9":"product_cat-fly-fishing","10":"product_tag-cana","11":"product_tag-echo","12":"product_shipping_class-medianos","14":"first","15":"instock","16":"shipping-taxable","17":"purchasable","18":"product-type-simple"},"acf":[],"_links":{"self":[{"href":"https:\/\/somosmosca.com.ar\/index.php\/wp-json\/wp\/v2\/product\/1719","targetHints":{"allow":["GET"]}}],"collection":[{"href":"https:\/\/somosmosca.com.ar\/index.php\/wp-json\/wp\/v2\/product"}],"about":[{"href":"https:\/\/somosmosca.com.ar\/index.php\/wp-json\/wp\/v2\/types\/product"}],"replies":[{"embeddable":true,"href":"https:\/\/somosmosca.com.ar\/index.php\/wp-json\/wp\/v2\/comments?post=1719"}],"wp:featuredmedia":[{"embeddable":true,"href":"https:\/\/somosmosca.com.ar\/index.php\/wp-json\/wp\/v2\/media\/1720"}],"wp:attachment":[{"href":"https:\/\/somosmosca.com.ar\/index.php\/wp-json\/wp\/v2\/media?parent=1719"}],"wp:term":[{"taxonomy":"marca","embeddable":true,"href":"https:\/\/somosmosca.com.ar\/index.php\/wp-json\/wp\/v2\/marca?post=1719"},{"taxonomy":"product_brand","embeddable":true,"href":"https:\/\/somosmosca.com.ar\/index.php\/wp-json\/wp\/v2\/product_brand?post=1719"},{"taxonomy":"product_cat","embeddable":true,"href":"https:\/\/somosmosca.com.ar\/index.php\/wp-json\/wp\/v2\/product_cat?post=1719"},{"taxonomy":"product_tag","embeddable":true,"href":"https:\/\/somosmosca.com.ar\/index.php\/wp-json\/wp\/v2\/product_tag?post=1719"}],"curies":[{"name":"wp","href":"https:\/\/api.w.org\/{rel}","templated":true}]}}