{"id":1544,"date":"2026-03-30T19:04:43","date_gmt":"2026-03-30T19:04:43","guid":{"rendered":"https:\/\/somosmosca.com.ar\/?post_type=product&#038;p=1544"},"modified":"2026-03-30T19:04:43","modified_gmt":"2026-03-30T19:04:43","slug":"reel-echo-base","status":"publish","type":"product","link":"https:\/\/somosmosca.com.ar\/index.php\/producto\/reel-echo-base\/","title":{"rendered":"REEL ECHO BASE"},"content":{"rendered":"<p><span data-sheets-root=\"1\">El reel Echo Base de Echo Fly Fishing es un reel de mosca liviano y funcional, construido en pol\u00edmero de alta durabilidad y con formato cl\u00e1sico. Ofrece un sistema de freno a disco de ajuste suave y operaci\u00f3n simple, pensado para brindar confiabilidad y bajo mantenimiento. Es una muy buena opci\u00f3n de entrada por su practicidad y su excelente relaci\u00f3n precio\u2013prestaciones para pesca en agua dulce. <\/span><\/p>\n","protected":false},"excerpt":{"rendered":"<p>El reel Echo Base de Echo Fly Fishing es un reel de mosca liviano y funcional, construido en pol\u00edmero de alta durabilidad y con formato cl\u00e1sico. Ofrece un sistema de freno a disco de ajuste suave y operaci\u00f3n simple, pensado para brindar confiabilidad y bajo mantenimiento. Es una muy buena opci\u00f3n de entrada por su [&hellip;]<\/p>\n","protected":false},"featured_media":1548,"comment_status":"open","ping_status":"closed","template":"","meta":{"_acf_changed":false,"_joinchat":[]},"marca":[38],"product_brand":[142],"product_cat":[32,44],"product_tag":[144,143],"class_list":{"0":"post-1544","1":"product","2":"type-product","3":"status-publish","4":"has-post-thumbnail","6":"marca-echo","7":"product_brand-echo","8":"product_cat-fly-fishing","9":"product_cat-reeles","10":"product_tag-echo","11":"product_tag-reel","12":"product_shipping_class-medianos","14":"first","15":"instock","16":"shipping-taxable","17":"purchasable","18":"product-type-variable"},"acf":[],"_links":{"self":[{"href":"https:\/\/somosmosca.com.ar\/index.php\/wp-json\/wp\/v2\/product\/1544","targetHints":{"allow":["GET"]}}],"collection":[{"href":"https:\/\/somosmosca.com.ar\/index.php\/wp-json\/wp\/v2\/product"}],"about":[{"href":"https:\/\/somosmosca.com.ar\/index.php\/wp-json\/wp\/v2\/types\/product"}],"replies":[{"embeddable":true,"href":"https:\/\/somosmosca.com.ar\/index.php\/wp-json\/wp\/v2\/comments?post=1544"}],"wp:featuredmedia":[{"embeddable":true,"href":"https:\/\/somosmosca.com.ar\/index.php\/wp-json\/wp\/v2\/media\/1548"}],"wp:attachment":[{"href":"https:\/\/somosmosca.com.ar\/index.php\/wp-json\/wp\/v2\/media?parent=1544"}],"wp:term":[{"taxonomy":"marca","embeddable":true,"href":"https:\/\/somosmosca.com.ar\/index.php\/wp-json\/wp\/v2\/marca?post=1544"},{"taxonomy":"product_brand","embeddable":true,"href":"https:\/\/somosmosca.com.ar\/index.php\/wp-json\/wp\/v2\/product_brand?post=1544"},{"taxonomy":"product_cat","embeddable":true,"href":"https:\/\/somosmosca.com.ar\/index.php\/wp-json\/wp\/v2\/product_cat?post=1544"},{"taxonomy":"product_tag","embeddable":true,"href":"https:\/\/somosmosca.com.ar\/index.php\/wp-json\/wp\/v2\/product_tag?post=1544"}],"curies":[{"name":"wp","href":"https:\/\/api.w.org\/{rel}","templated":true}]}}