{"id":1336,"date":"2026-03-18T16:50:29","date_gmt":"2026-03-18T16:50:29","guid":{"rendered":"https:\/\/somosmosca.com.ar\/?post_type=product&#038;p=1336"},"modified":"2026-03-18T16:55:33","modified_gmt":"2026-03-18T16:55:33","slug":"rinonera-patagonia-stealth-pack","status":"publish","type":"product","link":"https:\/\/somosmosca.com.ar\/index.php\/producto\/rinonera-patagonia-stealth-pack\/","title":{"rendered":"RI\u00d1ONERA PATAGONIA STEALTH PACK"},"content":{"rendered":"<p><span data-sheets-root=\"1\">Dise\u00f1ada t\u00e1cticamente para permitirte moverte r\u00e1pido, cubrir el agua y al mismo tiempo brindar una amplia capacidad de carga. La ri\u00f1onera Stealth de 11 litros es resistente al agua, es liviana, se adapta al cuerpo y no obstaculizar\u00e1 tu golpe de lanzamiento. Hecha en una f\u00e1brica con certificaci\u00f3n Fair Trade\u2122.<br \/>\nDetalles de la Tela<\/span><\/p>\n<p>Exterior: Nylon ripstop 100% reciclado de 6-oz (170-g) con revestimiento de poliuretano en un lado y TPU en el rev\u00e9s. Con Certificaci\u00f3n Fair Trade\u2122<br \/>\nEl conjunto de materiales est\u00e1 dise\u00f1ado para ser liviano, silencioso y facilitar su adaptaci\u00f3n al contorno del cuerpo para castear f\u00e1cil y confortablemente todo el d\u00eda<br \/>\nLa capacidad de la Stealth Hip Pack es de 11 litros<br \/>\nLos imanes integrados en la parte delantera de la cangurera sostienen moscas, pinzas o hem\u00f3stato para cambios de mosca r\u00e1pidos y eficientes<\/p>\n<p>Dos bolsillos en el cintur\u00f3n guardan tu agua, una chamarra empacable u otros accesorios. M\u00faltiples D-rings y puertos mantienen tu equipo siempre a mano<br \/>\nBolsillo extra\u00edble para almacenamiento dentro o fuera de la cangurera. Bolsillo interior impermeable. Arn\u00e9s de hombro extra\u00edble<br \/>\nPeso 560 g.<\/p>\n<p>Exterior Nylon ripstop 100% reciclado de 6-oz (170-g) con revestimiento de poliuretano en un lado y TPU en el rev\u00e9s<br \/>\nForro 100% poli\u00e9ster reciclado de 3-oz (85-g) 200-denier con revestimiento de PU<br \/>\nPanel Trasero Malla hidrof\u00f3bica de poli\u00e9ster 100% reciclado de 4.5-oz (128-g)<br \/>\nBolsillos Malla 66% nylon\/34% spandex de 9.4-oz (266-g)<br \/>\nCorreas: 100% nylon reciclado. Cord\u00f3n: 100% poli\u00e9ster reciclado<\/p>\n","protected":false},"excerpt":{"rendered":"<p>Dise\u00f1ada t\u00e1cticamente para permitirte moverte r\u00e1pido, cubrir el agua y al mismo tiempo brindar una amplia capacidad de carga. La ri\u00f1onera Stealth de 11 litros es resistente al agua, es liviana, se adapta al cuerpo y no obstaculizar\u00e1 tu golpe de lanzamiento. Hecha en una f\u00e1brica con certificaci\u00f3n Fair Trade\u2122. Detalles de la Tela Exterior: [&hellip;]<\/p>\n","protected":false},"featured_media":1337,"comment_status":"open","ping_status":"closed","template":"","meta":{"_acf_changed":false,"_joinchat":[]},"marca":[102],"product_brand":[98],"product_cat":[32,48,47],"product_tag":[101,120,100],"class_list":{"0":"post-1336","1":"product","2":"type-product","3":"status-publish","4":"has-post-thumbnail","6":"marca-patagonia","7":"product_brand-patagonia","8":"product_cat-fly-fishing","9":"product_cat-indumentaria-gorros-y-lentes","10":"product_cat-waders-botas-y-accesorios-de-vadeo","11":"product_tag-patagonia","12":"product_tag-rinonera","13":"product_tag-vadeo","14":"product_shipping_class-medianos","16":"first","17":"instock","18":"shipping-taxable","19":"purchasable","20":"product-type-variable"},"acf":[],"_links":{"self":[{"href":"https:\/\/somosmosca.com.ar\/index.php\/wp-json\/wp\/v2\/product\/1336","targetHints":{"allow":["GET"]}}],"collection":[{"href":"https:\/\/somosmosca.com.ar\/index.php\/wp-json\/wp\/v2\/product"}],"about":[{"href":"https:\/\/somosmosca.com.ar\/index.php\/wp-json\/wp\/v2\/types\/product"}],"replies":[{"embeddable":true,"href":"https:\/\/somosmosca.com.ar\/index.php\/wp-json\/wp\/v2\/comments?post=1336"}],"wp:featuredmedia":[{"embeddable":true,"href":"https:\/\/somosmosca.com.ar\/index.php\/wp-json\/wp\/v2\/media\/1337"}],"wp:attachment":[{"href":"https:\/\/somosmosca.com.ar\/index.php\/wp-json\/wp\/v2\/media?parent=1336"}],"wp:term":[{"taxonomy":"marca","embeddable":true,"href":"https:\/\/somosmosca.com.ar\/index.php\/wp-json\/wp\/v2\/marca?post=1336"},{"taxonomy":"product_brand","embeddable":true,"href":"https:\/\/somosmosca.com.ar\/index.php\/wp-json\/wp\/v2\/product_brand?post=1336"},{"taxonomy":"product_cat","embeddable":true,"href":"https:\/\/somosmosca.com.ar\/index.php\/wp-json\/wp\/v2\/product_cat?post=1336"},{"taxonomy":"product_tag","embeddable":true,"href":"https:\/\/somosmosca.com.ar\/index.php\/wp-json\/wp\/v2\/product_tag?post=1336"}],"curies":[{"name":"wp","href":"https:\/\/api.w.org\/{rel}","templated":true}]}}