{"id":1314,"date":"2026-03-18T16:16:13","date_gmt":"2026-03-18T16:16:13","guid":{"rendered":"https:\/\/somosmosca.com.ar\/?post_type=product&#038;p=1314"},"modified":"2026-03-18T16:16:13","modified_gmt":"2026-03-18T16:16:13","slug":"mochila-estanca-patagonia-guidewater","status":"publish","type":"product","link":"https:\/\/somosmosca.com.ar\/index.php\/producto\/mochila-estanca-patagonia-guidewater\/","title":{"rendered":"MOCHILA ESTANCA PATAGONIA GUIDEWATER"},"content":{"rendered":"<p><span data-sheets-root=\"1\">Mochila de 29 litros totalmente sumergible con una construcci\u00f3n minimalista para reducir el peso sin sacrificar la durabilidad. Fabricada con certificaci\u00f3n Fair Trade Certified\u2122.<br \/>\nEspecificaciones y caracter\u00edsticas<br \/>\nTela Resistente para Trabajar<br \/>\nFabricado con tela y correas de resistente nylon 100% reciclado, el panel posterior y forro en poli\u00e9ster 100% reciclado<br \/>\nMochila con Clasificaci\u00f3n IPX-7<\/p>\n<p>Mochila sumergible totalmente impermeable con clasificaci\u00f3n IPX-7 para mantener el contenido seguro incluso en inmersi\u00f3n total<br \/>\nPanel y Correas no Absorben Agua<\/p>\n<p>El panel posterior hidrof\u00f3bico y las correas para el hombro no absorben ni retienen agua<br \/>\nLa vaina de red para zurdos o diestros est\u00e1 integrada en el panel posterior para comodidad y f\u00e1cil almacenamiento de la red con cualquier mano<br \/>\nEl bolsillo organizador interno separa los art\u00edculos peque\u00f1os del contenido del compartimento principal y se puede transferir a los puntos de sujeci\u00f3n externos cuando el acceso r\u00e1pido es fundamental<br \/>\nCompatible con nuestro Convertible Vest, lo que permite un acceso sin interferencias a art\u00edculos esenciales mientras est\u00e1s en el agua<br \/>\nPeso 960 g<\/p>\n<p>Materiales<\/p>\n<p>CUERPO Tejido liso de nylon 100% reciclado de 14.4-oz (408-g) con revestimiento de PU en la cara y de TPU en el rev\u00e9s<br \/>\nForro 100% poli\u00e9ster reciclado de 3-oz (85-g) 200-denier con revestimiento de PU<br \/>\nPanel trasero Monomesh hidrof\u00f3bica de poli\u00e9ster 100% reciclado<br \/>\nCorreas 100% nylon reciclado<br \/>\n<\/span><\/p>\n","protected":false},"excerpt":{"rendered":"<p>Mochila de 29 litros totalmente sumergible con una construcci\u00f3n minimalista para reducir el peso sin sacrificar la durabilidad. Fabricada con certificaci\u00f3n Fair Trade Certified\u2122. Especificaciones y caracter\u00edsticas Tela Resistente para Trabajar Fabricado con tela y correas de resistente nylon 100% reciclado, el panel posterior y forro en poli\u00e9ster 100% reciclado Mochila con Clasificaci\u00f3n IPX-7 Mochila [&hellip;]<\/p>\n","protected":false},"featured_media":1315,"comment_status":"open","ping_status":"closed","template":"","meta":{"_acf_changed":false,"_joinchat":[]},"marca":[102],"product_brand":[98],"product_cat":[32,48,47],"product_tag":[116,117,101,100,99],"class_list":{"0":"post-1314","1":"product","2":"type-product","3":"status-publish","4":"has-post-thumbnail","6":"marca-patagonia","7":"product_brand-patagonia","8":"product_cat-fly-fishing","9":"product_cat-indumentaria-gorros-y-lentes","10":"product_cat-waders-botas-y-accesorios-de-vadeo","11":"product_tag-mochila","12":"product_tag-mochila-estanca","13":"product_tag-patagonia","14":"product_tag-vadeo","15":"product_tag-wader","16":"product_shipping_class-medianos","18":"first","19":"instock","20":"shipping-taxable","21":"purchasable","22":"product-type-variable"},"acf":[],"_links":{"self":[{"href":"https:\/\/somosmosca.com.ar\/index.php\/wp-json\/wp\/v2\/product\/1314","targetHints":{"allow":["GET"]}}],"collection":[{"href":"https:\/\/somosmosca.com.ar\/index.php\/wp-json\/wp\/v2\/product"}],"about":[{"href":"https:\/\/somosmosca.com.ar\/index.php\/wp-json\/wp\/v2\/types\/product"}],"replies":[{"embeddable":true,"href":"https:\/\/somosmosca.com.ar\/index.php\/wp-json\/wp\/v2\/comments?post=1314"}],"wp:featuredmedia":[{"embeddable":true,"href":"https:\/\/somosmosca.com.ar\/index.php\/wp-json\/wp\/v2\/media\/1315"}],"wp:attachment":[{"href":"https:\/\/somosmosca.com.ar\/index.php\/wp-json\/wp\/v2\/media?parent=1314"}],"wp:term":[{"taxonomy":"marca","embeddable":true,"href":"https:\/\/somosmosca.com.ar\/index.php\/wp-json\/wp\/v2\/marca?post=1314"},{"taxonomy":"product_brand","embeddable":true,"href":"https:\/\/somosmosca.com.ar\/index.php\/wp-json\/wp\/v2\/product_brand?post=1314"},{"taxonomy":"product_cat","embeddable":true,"href":"https:\/\/somosmosca.com.ar\/index.php\/wp-json\/wp\/v2\/product_cat?post=1314"},{"taxonomy":"product_tag","embeddable":true,"href":"https:\/\/somosmosca.com.ar\/index.php\/wp-json\/wp\/v2\/product_tag?post=1314"}],"curies":[{"name":"wp","href":"https:\/\/api.w.org\/{rel}","templated":true}]}}