{"id":1256,"date":"2026-03-18T15:19:02","date_gmt":"2026-03-18T15:19:02","guid":{"rendered":"https:\/\/somosmosca.com.ar\/?post_type=product&#038;p=1256"},"modified":"2026-03-18T15:19:03","modified_gmt":"2026-03-18T15:19:03","slug":"wader-aquaz-rouge","status":"publish","type":"product","link":"https:\/\/somosmosca.com.ar\/index.php\/producto\/wader-aquaz-rouge\/","title":{"rendered":"WADER AQUAZ ROUGE"},"content":{"rendered":"<p><span data-sheets-root=\"1\">El wader AQUAZ ROUGE esta confeccionado con el tejido Aqualex\u00ae Pro\u2122 de tres capas. Bolsillo frontal en el pecho con cremallera YKK\u00ae repelente al agua. Medias de neopreno de 4 mm con protecci\u00f3n antigravilla integrada.<br \/>\nCaracter\u00edsticas:<br \/>\n\u2022 Fabricado con tejido transpirable japon\u00e9s optimizado AQUALEX de 3 capas<br \/>\n\u2022 El revestimiento especializado aplicado a la tela desde las piernas hasta la cintura aumenta su durabilidad. El tejido ligero de 3 capas transpirable en la parte superior del cuerpo permite m\u00e1xima transpirabilidad.<br \/>\n\u2022 El dise\u00f1o articulado y anat\u00f3mico reduce los puntos de tensi\u00f3n en las costuras y permite una mayor comodidad y un movimiento silencioso, al tiempo que proporciona una capa exterior resistente a la abrasi\u00f3n.<br \/>\n\u2022 Costuras interiores reforzadas en los puntos de tensi\u00f3n.<br \/>\n\u2022 Prensatelas de neopreno de alta densidad y doble cinta de 4 mm.<br \/>\n\u2022 Bolsillo en el pecho sin costuras con cremallera YKK resistente al agua.<br \/>\n\u2022 Cintur\u00f3n de nailon para vadeador de 1 \u00bd\u201d con liberaci\u00f3n r\u00e1pida.<br \/>\n\u2022 El lazo de sujeci\u00f3n interno permite agregar un bolsillo impermeable para guardar tel\u00e9fonos celulares, c\u00e1maras peque\u00f1as, llaveros, etc. El bolsillo impermeable Aquaz se puede comprar por separado.<br \/>\n\u2022 Protectores de grava incorporados con gancho de encaje para mantenerlos en su lugar.<br \/>\n\u2022 Los sutiles colores grises de dos tonos se combinan con el entorno natural.<\/p>\n<p>Tejido: Aqualex\u00ae Pro\u2122 de tres capas HECHO EN JAP\u00d3N<\/p>\n<p>ADVERTENCIA: Fabricado con productos qu\u00edmicos PFAS <\/span><\/p>\n","protected":false},"excerpt":{"rendered":"<p>El wader AQUAZ ROUGE esta confeccionado con el tejido Aqualex\u00ae Pro\u2122 de tres capas. Bolsillo frontal en el pecho con cremallera YKK\u00ae repelente al agua. Medias de neopreno de 4 mm con protecci\u00f3n antigravilla integrada. Caracter\u00edsticas: \u2022 Fabricado con tejido transpirable japon\u00e9s optimizado AQUALEX de 3 capas \u2022 El revestimiento especializado aplicado a la tela [&hellip;]<\/p>\n","protected":false},"featured_media":1257,"comment_status":"open","ping_status":"closed","template":"","meta":{"_acf_changed":false,"_joinchat":[]},"marca":[106],"product_brand":[104],"product_cat":[32,47],"product_tag":[105,101,100,99,103],"class_list":{"0":"post-1256","1":"product","2":"type-product","3":"status-publish","4":"has-post-thumbnail","6":"marca-aquaz","7":"product_brand-aquaz","8":"product_cat-fly-fishing","9":"product_cat-waders-botas-y-accesorios-de-vadeo","10":"product_tag-aquaz","11":"product_tag-patagonia","12":"product_tag-vadeo","13":"product_tag-wader","14":"product_tag-zapato-de-vadeo","15":"product_shipping_class-medianos","17":"first","18":"instock","19":"shipping-taxable","20":"purchasable","21":"product-type-variable"},"acf":[],"_links":{"self":[{"href":"https:\/\/somosmosca.com.ar\/index.php\/wp-json\/wp\/v2\/product\/1256","targetHints":{"allow":["GET"]}}],"collection":[{"href":"https:\/\/somosmosca.com.ar\/index.php\/wp-json\/wp\/v2\/product"}],"about":[{"href":"https:\/\/somosmosca.com.ar\/index.php\/wp-json\/wp\/v2\/types\/product"}],"replies":[{"embeddable":true,"href":"https:\/\/somosmosca.com.ar\/index.php\/wp-json\/wp\/v2\/comments?post=1256"}],"wp:featuredmedia":[{"embeddable":true,"href":"https:\/\/somosmosca.com.ar\/index.php\/wp-json\/wp\/v2\/media\/1257"}],"wp:attachment":[{"href":"https:\/\/somosmosca.com.ar\/index.php\/wp-json\/wp\/v2\/media?parent=1256"}],"wp:term":[{"taxonomy":"marca","embeddable":true,"href":"https:\/\/somosmosca.com.ar\/index.php\/wp-json\/wp\/v2\/marca?post=1256"},{"taxonomy":"product_brand","embeddable":true,"href":"https:\/\/somosmosca.com.ar\/index.php\/wp-json\/wp\/v2\/product_brand?post=1256"},{"taxonomy":"product_cat","embeddable":true,"href":"https:\/\/somosmosca.com.ar\/index.php\/wp-json\/wp\/v2\/product_cat?post=1256"},{"taxonomy":"product_tag","embeddable":true,"href":"https:\/\/somosmosca.com.ar\/index.php\/wp-json\/wp\/v2\/product_tag?post=1256"}],"curies":[{"name":"wp","href":"https:\/\/api.w.org\/{rel}","templated":true}]}}