{"id":1249,"date":"2026-03-18T15:09:48","date_gmt":"2026-03-18T15:09:48","guid":{"rendered":"https:\/\/somosmosca.com.ar\/?post_type=product&#038;p=1249"},"modified":"2026-04-09T00:06:34","modified_gmt":"2026-04-09T00:06:34","slug":"botas-patagonia-foot-tractor-fieltro","status":"publish","type":"product","link":"https:\/\/somosmosca.com.ar\/index.php\/producto\/botas-patagonia-foot-tractor-fieltro\/","title":{"rendered":"Botas PATAGONIA Foot Tractor FIELTRO"},"content":{"rendered":"<p><span data-sheets-root=\"1\"><strong>Los Foot Tractors<\/strong> son las botas para vadeo m\u00e1s resistentes y de mayor rendimiento que existen, y ofrecen un soporte y una protecci\u00f3n resistentes para las actividades de vadeo m\u00e1s exigentes. Cuentan con suelas de fieltro para una tracci\u00f3n total. Desarrolladas en colaboraci\u00f3n con Danner\u00ae y fabricadas a mano en Portland, Oreg\u00f3n.<\/span><\/p>\n<p>&nbsp;<\/p>\n<p><span data-sheets-root=\"1\">Cuero de grano completo impermeable tratado con un proceso de bronceado con soluci\u00f3n salina sin PFC para mejorar la resistencia a la descomposici\u00f3n, incluso <\/span><span data-sheets-root=\"1\">en agua salada. El cuero puede ser reacondicionado seg\u00fan sea necesario.<\/span><\/p>\n<p>&nbsp;<\/p>\n<p><span data-sheets-root=\"1\"><br \/>\n<strong>Construcci\u00f3n Duradera<\/strong><br \/>\nLos paneles de nylon resistentes de 1.000 denier proporcionan una excelente resistencia a la abrasi\u00f3n<br \/>\n<\/span><\/p>\n<p><span data-sheets-root=\"1\"><br \/>\nSistema de atado ajustable tiene ojales tradicionales en el empeine y atado r\u00e1pido en los tobillos. El atado r\u00e1pido permite apretar f\u00e1cilmente, da soporte al tobillo y ayuda a fijar el tal\u00f3n en su lugar<br \/>\n<\/span><\/p>\n<p>&nbsp;<\/p>\n<p><span data-sheets-root=\"1\">Drenajes perforados en ambos lados de la parte superior de la bota se deshacen del agua r\u00e1pidamente; para menores tiempos de secado, el dise\u00f1o de la parte superior est\u00e1 libre de espumas o telas innecesarias<br \/>\n<\/span><\/p>\n<p><span data-sheets-root=\"1\"><br \/>\nConstrucci\u00f3n cocida crea una plataforma m\u00e1s ancha para m\u00e1s estabilidad, ayuda a proteger las paredes laterales de la bota y permite que sea resolada por Danner<br \/>\n<\/span><\/p>\n<p>&nbsp;<\/p>\n<p><span data-sheets-root=\"1\"><strong>Detalles de Construcci\u00f3n<\/strong><br \/>\nLa plataforma bi-fit moldeada combina las partes de la suela en una sola pieza que reduce el peso sin sacrificar comodidad ni soporte.<br \/>\nPeso<br \/>\n1,724 g<\/span><\/p>\n<p>&nbsp;<\/p>\n<p><strong>Materiales<\/strong><br \/>\n<strong>Parte Superio<\/strong>r<br \/>\nCuero granulado con paneles de nailon 100% denier<br \/>\nForro<br \/>\n67% poli\u00e9ster \/ 33% nylon<br \/>\nMedia Suela<br \/>\nGoma 8IR<br \/>\nMedia Suela Inferior<br \/>\nPoli\u00e9ster poliuretano<br \/>\nSuela<br \/>\n3\/8&#8243; 100% poli\u00e9ster fieltro<\/p>\n","protected":false},"excerpt":{"rendered":"<p>Los Foot Tractors son las botas para vadeo m\u00e1s resistentes y de mayor rendimiento que existen, y ofrecen un soporte y una protecci\u00f3n resistentes para las actividades de vadeo m\u00e1s exigentes. Cuentan con suelas de fieltro para una tracci\u00f3n total. Desarrolladas en colaboraci\u00f3n con Danner\u00ae y fabricadas a mano en Portland, Oreg\u00f3n. &nbsp; Cuero de [&hellip;]<\/p>\n","protected":false},"featured_media":1250,"comment_status":"open","ping_status":"closed","template":"","meta":{"_acf_changed":false,"_joinchat":[]},"marca":[102],"product_brand":[98],"product_cat":[32,47],"product_tag":[101,99,103],"class_list":{"0":"post-1249","1":"product","2":"type-product","3":"status-publish","4":"has-post-thumbnail","6":"marca-patagonia","7":"product_brand-patagonia","8":"product_cat-fly-fishing","9":"product_cat-waders-botas-y-accesorios-de-vadeo","10":"product_tag-patagonia","11":"product_tag-wader","12":"product_tag-zapato-de-vadeo","13":"product_shipping_class-medianos","15":"first","16":"instock","17":"shipping-taxable","18":"purchasable","19":"product-type-variable"},"acf":[],"_links":{"self":[{"href":"https:\/\/somosmosca.com.ar\/index.php\/wp-json\/wp\/v2\/product\/1249","targetHints":{"allow":["GET"]}}],"collection":[{"href":"https:\/\/somosmosca.com.ar\/index.php\/wp-json\/wp\/v2\/product"}],"about":[{"href":"https:\/\/somosmosca.com.ar\/index.php\/wp-json\/wp\/v2\/types\/product"}],"replies":[{"embeddable":true,"href":"https:\/\/somosmosca.com.ar\/index.php\/wp-json\/wp\/v2\/comments?post=1249"}],"wp:featuredmedia":[{"embeddable":true,"href":"https:\/\/somosmosca.com.ar\/index.php\/wp-json\/wp\/v2\/media\/1250"}],"wp:attachment":[{"href":"https:\/\/somosmosca.com.ar\/index.php\/wp-json\/wp\/v2\/media?parent=1249"}],"wp:term":[{"taxonomy":"marca","embeddable":true,"href":"https:\/\/somosmosca.com.ar\/index.php\/wp-json\/wp\/v2\/marca?post=1249"},{"taxonomy":"product_brand","embeddable":true,"href":"https:\/\/somosmosca.com.ar\/index.php\/wp-json\/wp\/v2\/product_brand?post=1249"},{"taxonomy":"product_cat","embeddable":true,"href":"https:\/\/somosmosca.com.ar\/index.php\/wp-json\/wp\/v2\/product_cat?post=1249"},{"taxonomy":"product_tag","embeddable":true,"href":"https:\/\/somosmosca.com.ar\/index.php\/wp-json\/wp\/v2\/product_tag?post=1249"}],"curies":[{"name":"wp","href":"https:\/\/api.w.org\/{rel}","templated":true}]}}